{"id":234,"date":"2020-02-28T15:49:25","date_gmt":"2020-02-28T15:49:25","guid":{"rendered":"http:\/\/neu.displayreparatur-koeln.de\/?page_id=234"},"modified":"2022-03-25T11:31:17","modified_gmt":"2022-03-25T11:31:17","slug":"batterieverordnung","status":"publish","type":"page","link":"https:\/\/displayreparatur-koeln.de\/?page_id=234","title":{"rendered":"Batterieverordnung"},"content":{"rendered":"\n<div class=\"wp-block-themeisle-blocks-advanced-columns has-1-columns has-desktop-equal-layout has-tablet-equal-layout has-mobile-equal-layout has-default-gap has-vertical-unset\" id=\"wp-block-themeisle-blocks-advanced-columns-c458b7be\" style=\"border-width:0px;border-style:solid;border-color:#000000;border-radius:0px;justify-content:unset\"><div class=\"wp-themeisle-block-overlay\" style=\"opacity:0.5;mix-blend-mode:normal\"><\/div><div class=\"innerblocks-wrap\">\n<div class=\"wp-block-themeisle-blocks-advanced-column\" id=\"wp-block-themeisle-blocks-advanced-column-4ef06a80\" style=\"border-width:0px;border-style:solid;border-color:#000000;border-radius:0px\">\n<p> Hinweis zur Entsorgung von Batterien <br> Im Lieferumfang vieler Ger\u00e4te befinden sich Batterien, die z.B. zum  Betrieb von Fernbedienungen dienen. Auch in den Ger\u00e4ten selbst k\u00f6nnen  Batterien oder Akkus fest eingebaut sein. Im Zusammenhang mit dem  Vertrieb dieser Batterien oder Akkus sind wir als H\u00e4ndler verpflichtet,  Sie als unsere Kunden auf Folgendes hinzuweisen: <br> Sie sind als Endverbraucher zur R\u00fcckgabe gebrauchter Batterien  gesetzlich verpflichtet. Bitte entsorgen Sie deshalb Altbatterien, wie  vom Gesetzgeber vorgeschrieben, an einer kommunalen Sammelstelle  (\u00f6rtliche Gemeinde), an speziellen Alt-Batterie-Containern oder geben  Sie diese im Handel vor Ort kostenlos ab. Von uns erhaltene Batterien k\u00f6nnen Sie nach Gebrauch, wenn Sie von der  M\u00f6glichkeit der Abgabe vor Ort nicht Gebrauch machen m\u00f6chten,  unentgeltlich unter der Adresse Displayreparatur K\u00f6ln, Weidengasse 18, 50668 K\u00f6ln zur\u00fcckgeben oder per Post an uns zur\u00fccksenden. Bitte frankieren  Sie in diesem Fall die Sendung ausreichend. Batterien, die Schadstoffe enthalten, sind mit einem der beiden  nachstehenden Zeichen, bestehend aus einer durchgestrichenen M\u00fclltonne  und dem chemischen Symbol des f\u00fcr die Einstufung als schadstoffhaltig  ausschlaggebenden Schwermetalls versehen: <br> Alternative Kennzeichnungssymbole f\u00fcr kennzeichnungspflichtige Batterien <br> Diese Symbole bedeuten, dass es sich um schwermetallhaltige,  schadstoffhaltige Batterien bzw. Akkus handelt, die nicht mit dem  einfachen Haus- oder Gewerbeabfall entsorgt werden d\u00fcrfen. Die unter dem  Symbol befindlichen Abk\u00fcrzungen bedeuten: \u201eCd\u201c (Cadmium), \u201eLi\u201c  (Lithium) \/ \u201eLi-Ion\u201c (Lithium-Ionen), \u201eNi\u201c (Nickel), \u201eMh\u201c  (Metallhydrid), \u201ePb\u201c (Blei), \u201eZi\u201c (Zink). Sie finden diese Hinweise auch noch einmal in den Begleitpapieren der  Warensendung oder in der Bedienungsanleitung des Herstellers.        <\/p>\n<\/div>\n<\/div><\/div>\n","protected":false},"excerpt":{"rendered":"<p>Hinweis zur Entsorgung von Batterien Im Lieferumfang vieler Ger\u00e4te befinden sich Batterien, die z.B. zum Betrieb von Fernbedienungen dienen. Auch in den Ger\u00e4ten selbst k\u00f6nnen Batterien oder Akkus fest eingebaut sein. Im Zusammenhang mit dem Vertrieb dieser Batterien oder Akkus sind wir als H\u00e4ndler verpflichtet, Sie als unsere Kunden auf [&hellip;]<\/p>\n","protected":false},"author":1,"featured_media":0,"parent":0,"menu_order":0,"comment_status":"closed","ping_status":"closed","template":"","meta":{"footnotes":""},"class_list":["post-234","page","type-page","status-publish","hentry"],"_links":{"self":[{"href":"https:\/\/displayreparatur-koeln.de\/index.php?rest_route=\/wp\/v2\/pages\/234","targetHints":{"allow":["GET"]}}],"collection":[{"href":"https:\/\/displayreparatur-koeln.de\/index.php?rest_route=\/wp\/v2\/pages"}],"about":[{"href":"https:\/\/displayreparatur-koeln.de\/index.php?rest_route=\/wp\/v2\/types\/page"}],"author":[{"embeddable":true,"href":"https:\/\/displayreparatur-koeln.de\/index.php?rest_route=\/wp\/v2\/users\/1"}],"replies":[{"embeddable":true,"href":"https:\/\/displayreparatur-koeln.de\/index.php?rest_route=%2Fwp%2Fv2%2Fcomments&post=234"}],"version-history":[{"count":2,"href":"https:\/\/displayreparatur-koeln.de\/index.php?rest_route=\/wp\/v2\/pages\/234\/revisions"}],"predecessor-version":[{"id":288,"href":"https:\/\/displayreparatur-koeln.de\/index.php?rest_route=\/wp\/v2\/pages\/234\/revisions\/288"}],"wp:attachment":[{"href":"https:\/\/displayreparatur-koeln.de\/index.php?rest_route=%2Fwp%2Fv2%2Fmedia&parent=234"}],"curies":[{"name":"wp","href":"https:\/\/api.w.org\/{rel}","templated":true}]}}