{"id":232,"date":"2020-02-28T15:48:49","date_gmt":"2020-02-28T15:48:49","guid":{"rendered":"http:\/\/neu.displayreparatur-koeln.de\/?page_id=232"},"modified":"2022-03-25T12:22:52","modified_gmt":"2022-03-25T12:22:52","slug":"cookie-erklaerung","status":"publish","type":"page","link":"https:\/\/displayreparatur-koeln.de\/?page_id=232","title":{"rendered":"Cookie-Erkl\u00e4rung"},"content":{"rendered":"\n<div class=\"wp-block-themeisle-blocks-advanced-columns has-1-columns has-desktop-equal-layout has-tablet-equal-layout has-mobile-equal-layout has-default-gap has-vertical-unset\" id=\"wp-block-themeisle-blocks-advanced-columns-f4ab0bb8\" style=\"border-width:0px;border-style:solid;border-color:#000000;border-radius:0px;justify-content:unset\"><div class=\"wp-themeisle-block-overlay\" style=\"opacity:0.5;mix-blend-mode:normal\"><\/div><div class=\"innerblocks-wrap\">\n<div class=\"wp-block-themeisle-blocks-advanced-column\" id=\"wp-block-themeisle-blocks-advanced-column-d09f9d30\" style=\"border-width:0px;border-style:solid;border-color:#000000;border-radius:0px\">\n<p>\nDiese Webseite verwendet Cookies. Wir verwenden Cookies, um Inhalte und \nAnzeigen zu personalisieren, Funktionen f\u00fcr soziale Medien anbieten zu \nk\u00f6nnen und die Zugriffe auf unsere Website zu analysieren. Au\u00dferdem \ngeben wir Informationen zu Ihrer Verwendung unserer Website an unsere \nPartner f\u00fcr soziale Medien, Werbung und Analysen weiter. Unsere Partner \nf\u00fchren diese Informationen m\u00f6glicherweise mit weiteren Daten zusammen, \ndie Sie ihnen bereitgestellt haben oder die sie im Rahmen Ihrer Nutzung \nder Dienste gesammelt haben. Sie geben Einwilligung zu unseren Cookies, \nwenn Sie unsere Webseite weiterhin nutzen.\n<br>\nCookies sind kleine Textdateien, die von Webseiten verwendet werden, um die Benutzererfahrung effizienter zu gestalten.\n<br>\nLaut Gesetz k\u00f6nnen wir Cookies auf Ihrem Ger\u00e4t speichern, wenn diese f\u00fcr\n den Betrieb dieser Seite unbedingt notwendig sind. F\u00fcr alle anderen \nCookie-Typen ben\u00f6tigen wir Ihre Erlaubnis.\n<br>\nDiese Seite verwendet unterschiedliche Cookie-Typen. Einige Cookies \nwerden von Drittparteien platziert, die auf unseren Seiten erscheinen.\n<br>\nSie k\u00f6nnen Ihre Einwilligung jederzeit von der Cookie-Erkl\u00e4rung auf unserer Website \u00e4ndern oder wiederrufen.\n<br>\nErfahren Sie in unserer Datenschutzrichtlinie mehr dar\u00fcber, wer wir \nsind, wie Sie uns kontaktieren k\u00f6nnen und wie wir personenbezogene Daten\n verarbeiten.\n<br>\nIhre Einwilligung trifft auf die folgenden Domains zu: displayreparatur-koeln.de\n<br>\nIhr aktueller Zustand: Cookies zulassen (Notwendig, Pr\u00e4ferenzen, Statistiken, Marketing). \n<br>\n\u00c4ndern Sie Ihre Einwilligung  |  Wiederrufen Sie Ihre Einwilligung\n<\/p>\n<p>\nDie Cookie-Erkl\u00e4rung wurde das letzte Mal am 18.05.2018 von Cookiebot aktualisiert:\n<\/p>\n<p>\nNotwendig (1)\n<br>\nNotwendige Cookies helfen dabei, eine Webseite nutzbar zu machen, indem \nsie Grundfunktionen wie Seitennavigation und Zugriff auf sichere \nBereiche der Webseite erm\u00f6glichen. Die Webseite kann ohne diese Cookies \nnicht richtig funktionieren.\n<br>\nName\tAnbieter\tZweck\tAblauf\tTyp\nCookieConsent\tdisplayreparatur-koeln.de\tSpeichert den Zustimmungsstatus des \nBenutzers f\u00fcr Cookies auf der aktuellen Dom\u00e4ne.\t1 Jahr\tHTTP Cookie\nStatistiken (3)\n<br>\nStatistik-Cookies helfen Webseiten-Besitzern zu verstehen, wie Besucher \nmit Webseiten interagieren, indem Informationen anonym gesammelt und \ngemeldet werden.\n<br>\nName\tAnbieter\tZweck\tAblauf\tTyp\n_ga\tdisplayreparatur-koeln.de\tRegistriert eine eindeutige ID, die verwendet wird, \num statistische Daten dazu, wie der Besucher die Website nutzt, zu \ngenerieren.\t2 Jahre\tHTTP Cookie\n_gat\tdisplayreparatur-koeln.de\tWird von Google Analytics verwendet, um die \nAnforderungsrate einzuschr\u00e4nken\tSession\tHTTP Cookie\n_gid\tdisplayreparatur-koeln.de\tRegistriert eine eindeutige ID, die verwendet wird,\n um statistische Daten dazu, wie der Besucher die Website nutzt, zu \ngenerieren.\tSession\tHTTP Cookie\nMarketing (5)\n<br>\nMarketing-Cookies werden verwendet, um Besuchern auf Webseiten zu \nfolgen. Die Absicht ist, Anzeigen zu zeigen, die relevant und \nansprechend f\u00fcr den einzelnen Benutzer sind und daher wertvoller f\u00fcr \nPublisher und werbetreibende Drittparteien sind.\n<br>\nName\tAnbieter\tZweck\tAblauf\tTyp\nads\/ga-audiences\tgoogle.com\tUsed by Google AdWords to re-engage visitors\n that are likely to convert to customers based on the visitor&#8217;s online \nbehaviour across websites.\tSession\tPixel Tracker\ncollect\tgoogle-analytics.com\tUsed to send data to Google Analytics about\n the visitor&#8217;s device and behaviour. Tracks the visitor across devices \nand marketing channels.\tSession\tPixel Tracker\nfr\tfacebook.com\tWird von Facebook genutzt, um eine Reihe von \nWerbeprodukten anzuzeigen, zum Beispiel Echtzeitgebote dritter \nWerbetreibender.\t3 Monate\tHTTP Cookie\nNID\tgoogle.com\tRegistriert eine eindeutige ID, die das Ger\u00e4t eines \nwiederkehrenden Benutzers identifiziert. Die ID wird f\u00fcr gezielte \nWerbung genutzt.\t6 Monate\tHTTP Cookie\ntr\tfacebook.com\tNicht klassifiziert\tSession\tPixel Tracker       \n<\/p>\n<\/div>\n<\/div><\/div>\n","protected":false},"excerpt":{"rendered":"<p>Diese Webseite verwendet Cookies. Wir verwenden Cookies, um Inhalte und Anzeigen zu personalisieren, Funktionen f\u00fcr soziale Medien anbieten zu k\u00f6nnen und die Zugriffe auf unsere Website zu analysieren. Au\u00dferdem geben wir Informationen zu Ihrer Verwendung unserer Website an unsere Partner f\u00fcr soziale Medien, Werbung und Analysen weiter. Unsere Partner f\u00fchren [&hellip;]<\/p>\n","protected":false},"author":1,"featured_media":0,"parent":0,"menu_order":0,"comment_status":"closed","ping_status":"closed","template":"","meta":{"footnotes":""},"class_list":["post-232","page","type-page","status-publish","hentry"],"_links":{"self":[{"href":"https:\/\/displayreparatur-koeln.de\/index.php?rest_route=\/wp\/v2\/pages\/232","targetHints":{"allow":["GET"]}}],"collection":[{"href":"https:\/\/displayreparatur-koeln.de\/index.php?rest_route=\/wp\/v2\/pages"}],"about":[{"href":"https:\/\/displayreparatur-koeln.de\/index.php?rest_route=\/wp\/v2\/types\/page"}],"author":[{"embeddable":true,"href":"https:\/\/displayreparatur-koeln.de\/index.php?rest_route=\/wp\/v2\/users\/1"}],"replies":[{"embeddable":true,"href":"https:\/\/displayreparatur-koeln.de\/index.php?rest_route=%2Fwp%2Fv2%2Fcomments&post=232"}],"version-history":[{"count":4,"href":"https:\/\/displayreparatur-koeln.de\/index.php?rest_route=\/wp\/v2\/pages\/232\/revisions"}],"predecessor-version":[{"id":296,"href":"https:\/\/displayreparatur-koeln.de\/index.php?rest_route=\/wp\/v2\/pages\/232\/revisions\/296"}],"wp:attachment":[{"href":"https:\/\/displayreparatur-koeln.de\/index.php?rest_route=%2Fwp%2Fv2%2Fmedia&parent=232"}],"curies":[{"name":"wp","href":"https:\/\/api.w.org\/{rel}","templated":true}]}}