{"id":230,"date":"2020-02-28T15:47:06","date_gmt":"2020-02-28T15:47:06","guid":{"rendered":"http:\/\/neu.displayreparatur-koeln.de\/?page_id=230"},"modified":"2020-02-28T15:47:08","modified_gmt":"2020-02-28T15:47:08","slug":"datenschutzerklaerung","status":"publish","type":"page","link":"https:\/\/displayreparatur-koeln.de\/?page_id=230","title":{"rendered":"Datenschutzerkl\u00e4rung"},"content":{"rendered":"\n<div class=\"wp-block-themeisle-blocks-advanced-columns has-1-columns has-desktop-equal-layout has-tablet-equal-layout has-mobile-equal-layout has-default-gap has-vertical-unset\" id=\"wp-block-themeisle-blocks-advanced-columns-37f67ba8\" style=\"border-width:0px;border-style:solid;border-color:#000000;border-radius:0px;justify-content:unset\"><div class=\"wp-themeisle-block-overlay\" style=\"opacity:0.5;mix-blend-mode:normal\"><\/div><div class=\"innerblocks-wrap\">\n<div class=\"wp-block-themeisle-blocks-advanced-column\" id=\"wp-block-themeisle-blocks-advanced-column-9ad7bae3\" style=\"border-width:0px;border-style:solid;border-color:#000000;border-radius:0px\">\n<p>\nSoweit nachstehend keine anderen Angaben gemacht werden, ist die \nBereitstellung Ihrer personenbezogenen Daten weder gesetzlich oder \nvertraglich vorgeschrieben, noch f\u00fcr einen Vertragsabschluss \nerforderlich. Sie sind zur Bereitstellung der Daten nicht verpflichtet. \nEine Nichtbereitstellung hat keine Folgen. Dies gilt nur soweit bei den \nnachfolgenden Verarbeitungsvorg\u00e4ngen keine anderweitige Angabe gemacht \nwird.\n&#8222;Personenbezogene Daten&#8220; sind alle Informationen, die sich auf eine \nidentifizierte oder identifizierbare nat\u00fcrliche Person beziehen.\n<\/p>\n\n\n\n<p>\nServer-Logfiles<br>\nSie k\u00f6nnen unsere Webseiten besuchen, ohne Angaben zu Ihrer Person zu \nmachen. Es werden bei jedem Zugriff auf unsere Website Nutzungsdaten \ndurch Ihren Internetbrowser \u00fcbermittelt und in Protokolldaten \n(Server-Logfiles) gespeichert. Zu diesen gespeicherten Daten geh\u00f6ren \nz.B. Name der aufgerufenen Seite, Datum und Uhrzeit des Abrufs, \n\u00fcbertragene Datenmenge und der anfragende Provider. Diese Daten dienen \nausschlie\u00dflich der Gew\u00e4hrleistung eines st\u00f6rungsfreien Betriebs unserer \nWebsite und zur Verbesserung unseres Angebotes. Eine Zuordnung dieser \nDaten zu einer bestimmten Person ist nicht m\u00f6glich.\n<\/p>\n\n\n\n<p>\nErhebung und Verarbeitung bei Nutzung des Kontaktformulars\nBei der Nutzung des Kontaktformulars erheben wir Ihre personenbezogenen \nDaten (Name, E-Mail-Adresse, Nachrichtentext) nur in dem von Ihnen zur \nVerf\u00fcgung gestellten Umfang. Die Datenverarbeitung dient dem Zweck der \nKontaktaufnahme. Mit Absenden Ihrer Nachricht willigen Sie in die \nVerarbeitung der \u00fcbermittelten Daten ein. Die Verarbeitung erfolgt auf \nGrundlage des Art. 6 (1) lit. a DSGVO mit Ihrer Einwilligung.\nSie k\u00f6nnen Ihre Einwilligung jederzeit durch Mitteilung an uns \nwiderrufen, ohne dass die Rechtm\u00e4\u00dfigkeit der aufgrund der Einwilligung \nbis zum Widerruf erfolgten Verarbeitung ber\u00fchrt wird. Ihre \nE-Mail-Adresse nutzen wir nur zur Bearbeitung Ihrer Anfrage. Ihre Daten \nwerden anschlie\u00dfend gel\u00f6scht, sofern Sie der weitergehenden Verarbeitung\n und Nutzung nicht zugestimmt haben.\n<\/p>\n\n\n\n<p>\nCookies<br>\nUnsere Website verwendet Cookies. Cookies sind kleine Textdateien, die \nim Internetbrowser bzw. vom Internetbrowser auf dem Computersystem eines\n Nutzers gespeichert werden. Ruft ein Nutzer eine Website auf, so kann \nein Cookie auf dem Betriebssystem des Nutzers gespeichert werden. Dieser\n Cookie enth\u00e4lt eine charakteristische Zeichenfolge, die eine eindeutige\n Identifizierung des Browsers beim erneuten Aufrufen der Website \nerm\u00f6glicht. Wir setzen Cookies zu dem Zweck ein, unser Angebot \nnutzerfreundlicher, effektiver und sicherer zu machen. Des Weiteren \nerm\u00f6glichen Cookies unseren Systemen, Ihren Browser auch nach einem \nSeitenwechsel zu erkennen und Ihnen Services anzubieten. Einige \nFunktionen unserer Internetseite k\u00f6nnen ohne den Einsatz von Cookies \nnicht angeboten werden. F\u00fcr diese ist es erforderlich, dass der Browser \nauch nach einem Seitenwechsel wiedererkannt wird.\n<br>\nWir verwenden auf unserer Website dar\u00fcber hinaus Cookies zu dem Zweck, \neine Analyse des Surfverhaltens unserer Seitenbesucher zu erm\u00f6glichen.\n<br>\nDes Weiteren verwenden wir Cookies zu dem Zweck, Seitenbesucher \nanschlie\u00dfend auf anderen Webseiten mit gezielter, interessenbezogener \nWerbung anzusprechen.\n<br>\nDie Verarbeitung erfolgt auf Grundlage des \u00a7 15 (3) TMG sowie Art. 6 (1)\n lit. f DSGVO aus dem berechtigten Interesse an den oben genannten \nZwecken.\nDie auf diese Weise von Ihnen erhobenen Daten werden durch technische \nVorkehrungen pseudonymisiert. Eine Zuordnung der Daten zu Ihrer Person \nist daher nicht mehr m\u00f6glich. Die Daten werden nicht gemeinsam mit \nsonstigen personenbezogenen Daten von Ihnen gespeichert.\nSie haben das Recht aus Gr\u00fcnden, die sich aus Ihrer besonderen Situation\n ergeben, jederzeit gegen diese auf Art. 6 (1) f DSGVO beruhende \nVerarbeitung Sie betreffender personenbezogener Daten zu widersprechen.\nCookies werden auf Ihrem Rechner gespeichert. Daher haben Sie die volle \nKontrolle \u00fcber die Verwendung von Cookies. Durch die Auswahl \nentsprechender technischer Einstellungen in Ihrem Internetbrowser k\u00f6nnen\n Sie die Speicherung der Cookies und \u00dcbermittlung der enthaltenen Daten \nverhindern. Bereits gespeicherte Cookies k\u00f6nnen jederzeit gel\u00f6scht \nwerden. Wir weisen Sie jedoch darauf hin, dass Sie dann gegebenenfalls \nnicht s\u00e4mtliche Funktionen dieser Website vollumf\u00e4nglich werden nutzen \nk\u00f6nnen.\nUnter den nachstehenden Links k\u00f6nnen Sie sich informieren, wie Sie die \nCookies bei den wichtigsten Browsern verwalten (u.a. auch deaktivieren) \nk\u00f6nnen:\n<\/p>\n\n\n\n<p>\n\nChrome Browser: https:\/\/support.google.com\/accounts\/answer\/61416?hl=de\nInternet Explorer: https:\/\/support.microsoft.com\/de-de\/help\/17442\/windows-internet-explorer-delete-manage-cookies\nMozilla Firefox: https:\/\/support.mozilla.org\/de\/kb\/cookies-erlauben-und-ablehnen\nSafari: https:\/\/support.apple.com\/de-de\/guide\/safari\/manage-cookies-and-website-data-sfri11471\/mac\n<\/p>\n\n\n\n<p>\n\nNutzung von Google Analytics\nWir verwenden auf unserer Website den Webanalysedienst Google Analytics \nder Google Inc. (1600 Amphitheatre Parkway, Mountain View, CA 94043, \nUSA; \u201eGoogle\u201c). Die Datenverarbeitung dient dem Zweck der Analyse dieser\n Website und ihrer Besucher. Dazu wird Google im Auftrag des Betreibers \ndieser Website die gewonnenen Informationen benutzen, um Ihre Nutzung \nder Website auszuwerten, um Reports \u00fcber die Websiteaktivit\u00e4ten \nzusammenzustellen und um weitere, mit der Websitenutzung und der \nInternetnutzung verbundene Dienstleistungen gegen\u00fcber dem \nWebsitebetreiber zu erbringen. Die im Rahmen von Google Analytics von \nIhrem Browser \u00fcbermittelte IP-Adresse wird nicht mit anderen Daten von \nGoogle zusammengef\u00fchrt.\nGoogle Analytics verwendet Cookies, die eine Analyse der Benutzung der \nWebsite durch Sie erm\u00f6glichen. Die durch die Cookies erzeugten \nInformationen \u00fcber Ihre Benutzung dieser Website werden in der Regel an \neinen Server von Google in den USA \u00fcbertragen und dort gespeichert. Auf \ndieser Website ist die IP-Anonymisierung aktiviert. Dadurch wird Ihre \nIP-Adresse von Google innerhalb von Mitgliedstaaten der Europ\u00e4ischen \nUnion oder in anderen Vertragsstaaten des Abkommens \u00fcber den \nEurop\u00e4ischen Wirtschaftsraum zuvor gek\u00fcrzt. Nur in Ausnahmef\u00e4llen wird \ndie volle IP-Adresse an einen Server von Google in den USA \u00fcbertragen \nund dort gek\u00fcrzt. Ihre Daten werden gegebenenfalls in die USA \n\u00fcbermittelt. F\u00fcr Daten\u00fcbermittlungen in die USA ist ein \nAngemessenheitsbeschluss der Europ\u00e4ischen Kommission vorhanden. Die \nVerarbeitung erfolgt auf Grundlage des Art. 6 (1) lit. f DSGVO aus dem \nberechtigten Interesse an der bedarfsgerechten und zielgerichteten \nGestaltung der Website. Sie haben das Recht aus Gr\u00fcnden, die sich aus \nIhrer besonderen Situation ergeben, jederzeit gegen diese auf Art. 6 (1)\n f DSGVO beruhende Verarbeitung Sie betreffender personenbezogener Daten\n zu widersprechen.\nSie k\u00f6nnen dazu die Speicherung der Cookies durch die Auswahl \nentsprechender technischer Einstellungen Ihrer Browser-Software \nverhindern; wir weisen Sie jedoch darauf hin, dass Sie in diesem Fall \ngegebenenfalls nicht s\u00e4mtliche Funktionen dieser Website vollumf\u00e4nglich \nwerden nutzen k\u00f6nnen. Sie k\u00f6nnen des Weiteren die Erfassung der durch \ndas Cookie erzeugten und auf Ihre Nutzung der Website bezogenen Daten \n(inkl. Ihrer IP-Adresse) an Google sowie die Verarbeitung dieser Daten \ndurch Google verhindern, indem sie das unter dem folgenden Link \nverf\u00fcgbare Browser-Plug-in herunterladen und installieren \n<\/p>\n\n\n<p>[https:\/\/tools.google.com\/dlpage\/gaoptout?hl=de]<\/p>\n\n\n\n<p>. Um die Erfassung durch\n Google Analytics ger\u00e4te\u00fcbergreifend zu verhindern k\u00f6nnen Sie einen \nOpt-Out-Cookie setzen. Opt-Out-Cookies verhindern die zuk\u00fcnftige \nErfassung Ihrer Daten beim Besuch dieser Website. Sie m\u00fcssen das Opt-Out\n auf allen genutzten Systemen und Ger\u00e4ten durchf\u00fchren, damit dies \numfassend wirkt. Wenn Sie hier klicken, wird das Opt-Out-Cookie gesetzt:\n Google Analytics deaktivieren.\nN\u00e4here Informationen zu Nutzungsbedingungen und Datenschutz finden Sie \nunter https:\/\/www.google.com\/analytics\/terms\/de.html bzw. unter \nhttps:\/\/www.google.de\/intl\/de\/policies\/.\n\n<\/p>\n\n\n\n<p>\n\nVerwendung von Google Adwords Conversion-Tracking\nWir verwenden auf unserer Website das Online-Werbeprogramm \u201eGoogle \nAdWords\u201c und in diesem Rahmen Conversion-Tracking \n(Besuchsaktionsauswertung). Das Google Conversion Tracking ist ein \nAnalysedienst der Google Inc. (1600 Amphitheatre Parkway, Mountain View,\n CA 94043, USA; \u201eGoogle\u201c). Wenn Sie auf eine von Google geschaltete \nAnzeige klicken, wird ein Cookie f\u00fcr das Conversion-Tracking auf Ihrem \nRechner abgelegt. Diese Cookies haben eine begrenzte G\u00fcltigkeit, \nenthalten keine personenbezogenen Daten und dienen somit nicht der \npers\u00f6nlichen Identifizierung. Wenn Sie bestimmte Seiten unserer Website \nbesuchen und das Cookie noch nicht abgelaufen ist, k\u00f6nnen Google und wir\n erkennen, dass Sie auf die Anzeige geklickt haben und zu dieser Seite \nweitergeleitet wurden. Jeder Google AdWords-Kunde erh\u00e4lt ein anderes \nCookie. Somit besteht keine M\u00f6glichkeit, dass Cookies \u00fcber die Websites \nvon AdWords-Kunden nachverfolgt werden k\u00f6nnen.\nDie Informationen, die mit Hilfe des Conversion-Cookie eingeholt werden,\n dienen dem Zweck Conversion-Statistiken zu erstellen. Hierbei erfahren \nwir die Gesamtanzahl der Nutzer, die auf eine unserer Anzeigen geklickt \nhaben und zu einer mit einem Conversion-Tracking-Tag versehenen Seite \nweitergeleitet wurden. Wir erhalten jedoch keine Informationen, mit \ndenen sich Nutzer pers\u00f6nlich identifizieren lassen. Die Verarbeitung \nerfolgt auf Grundlage des Art. 6 (1) lit. f DSGVO aus dem berechtigten \nInteresse an zielgerichteter Werbung und der Analyse der Wirkung und \nEffizienz dieser Werbung.\nSie haben das Recht aus Gr\u00fcnden, die sich aus Ihrer besonderen Situation\n ergeben, jederzeit gegen diese auf Art. 6 (1) f DSGVO beruhende \nVerarbeitung Sie betreffender personenbezogener Daten zu widersprechen.\nDazu k\u00f6nnen Sie die Speicherung der Cookies durch die Auswahl \nentsprechender technischer Einstellungen Ihrer Browser-Software \nverhindern. Wir weisen Sie jedoch darauf hin, dass Sie in diesem Fall \ngegebenenfalls nicht s\u00e4mtliche Funktionen dieser Website vollumf\u00e4nglich \nwerden nutzen k\u00f6nnen. Sie werden sodann nicht in die Conversion-Tracking\n Statistiken aufgenommen.\nDes Weiteren k\u00f6nnen Sie in den Einstellungen f\u00fcr Werbung bei Google f\u00fcr \nSie personalisierte Werbung deaktivieren. Eine Anleitung dazu finden Sie\n unter https:\/\/support.google.com\/ads\/answer\/2662922?hl=de Dar\u00fcber \nhinaus k\u00f6nnen Sie die Verwendung von Cookies durch Drittanbieter \ndeaktivieren, indem sie die Deaktivierungsseite der \nNetzwerkwerbeinitiative (Network Advertising Initiative) unter \nhttps:\/\/www.networkadvertising.org\/choices\/ aufrufen und die dort \ngenannten weiterf\u00fchrenden Information zum Opt-Out umsetzen.\nWeiterf\u00fchrende Informationen sowie die Datenschutzerkl\u00e4rung von Google \nfinden Sie unter: https:\/\/www.google.de\/policies\/privacy\/\n<br>\nVerwendung von GoogleMaps\nWir verwenden auf unserer Website die Funktion zur Einbettung von \nGoogleMaps-Karten der Google Inc. (1600 Amphitheatre Parkway, Mountain \nView, CA 94043, USA; \u201cGoogle\u201d).\nDie Funktion erm\u00f6glicht die visuelle Darstellung von geographischen \nInformationen und interaktiven Landkarten.\nDabei werden von Google bei Aufrufen der Seiten, in die \nGoogleMaps-Karten eingebunden sich, auch Daten der Besucher der Seiten \nerhoben, verarbeitet und genutzt. N\u00e4here Informationen zur Erhebung und \nNutzung der Daten durch Google finden Sie in den Datenschutzhinweisen \nvon Google unter https:\/\/www.google.com\/privacypolicy.html. Dort haben \nSie auch im Datenschutzcenter die M\u00f6glichkeit Ihre Einstellungen zu \nver\u00e4ndern, so dass Sie Ihre von Google verarbeiteten Daten verwalten und\n sch\u00fctzen k\u00f6nnen.\nIhre Daten werden dabei gegebenenfalls auch in die USA \u00fcbermittelt. F\u00fcr \nDaten\u00fcbermittlungen in die USA ist ein Angemessenheitsbeschluss der \nEurop\u00e4ischen Kommission vorhanden.\nSie haben das Recht aus Gr\u00fcnden, die sich aus Ihrer besonderen Situation\n ergeben, jederzeit gegen diese auf Art. 6 (1) f DSGVO beruhende \nVerarbeitung Sie betreffender personenbezogener Daten zu widersprechen.\nDazu m\u00fcssen Sie die Anwendung JavaScript in Ihrem Browser ausschalten. \nWir weisen Sie jedoch darauf hin, dass Sie in diesem Fall gegebenenfalls\n nicht s\u00e4mtliche Funktionen dieser Website, wie bspw. die interaktive \nKartenanzeige, vollumf\u00e4nglich werden nutzen k\u00f6nnen.\n <\/p>\n\n\n\n<p>\n\nDauer der Speicherung\nNach vollst\u00e4ndiger Vertragsabwicklung werden die Daten zun\u00e4chst f\u00fcr die \nDauer der Gew\u00e4hrleistungsfrist, danach unter Ber\u00fccksichtigung \ngesetzlicher, insbesondere steuer- und handelsrechtlicher \nAufbewahrungsfristen gespeichert und dann nach Fristablauf gel\u00f6scht, \nsofern Sie der weitergehenden Verarbeitung und Nutzung nicht zugestimmt \nhaben.\n<br>\nRechte der betroffenen Person\nIhnen stehen bei Vorliegen der gesetzlichen Voraussetzungen folgende \nRechte nach Art. 15 bis 20 DSGVO zu: Recht auf Auskunft, auf \nBerichtigung, auf L\u00f6schung, auf Einschr\u00e4nkung der Verarbeitung, auf \nDaten\u00fcbertragbarkeit.\nAu\u00dferdem steht Ihnen nach Art. 21 (1) DSGVO ein Widerspruchsrecht gegen \ndie Verarbeitungen zu, die auf Art. 6 (1) f DSGVO beruhen, sowie gegen \ndie Verarbeitung zum Zwecke von Direktwerbung.\n<br>\nKontaktieren Sie uns auf Wunsch. Die Kontaktdaten finden Sie in unserem Impressum.\n<br>\nBeschwerderecht bei der Aufsichtsbeh\u00f6rde\nSie haben gem\u00e4\u00df Art. 77 DSGVO das Recht, sich bei der Aufsichtsbeh\u00f6rde \nzu beschweren, wenn Sie der Ansicht sind, dass die Verarbeitung Ihrer \npersonenbezogenen Daten nicht rechtm\u00e4\u00dfig erfolgt\n\n<\/p>\n<\/div>\n<\/div><\/div>\n","protected":false},"excerpt":{"rendered":"","protected":false},"author":1,"featured_media":0,"parent":0,"menu_order":0,"comment_status":"closed","ping_status":"closed","template":"","meta":{"footnotes":""},"class_list":["post-230","page","type-page","status-publish","hentry"],"_links":{"self":[{"href":"https:\/\/displayreparatur-koeln.de\/index.php?rest_route=\/wp\/v2\/pages\/230","targetHints":{"allow":["GET"]}}],"collection":[{"href":"https:\/\/displayreparatur-koeln.de\/index.php?rest_route=\/wp\/v2\/pages"}],"about":[{"href":"https:\/\/displayreparatur-koeln.de\/index.php?rest_route=\/wp\/v2\/types\/page"}],"author":[{"embeddable":true,"href":"https:\/\/displayreparatur-koeln.de\/index.php?rest_route=\/wp\/v2\/users\/1"}],"replies":[{"embeddable":true,"href":"https:\/\/displayreparatur-koeln.de\/index.php?rest_route=%2Fwp%2Fv2%2Fcomments&post=230"}],"version-history":[{"count":1,"href":"https:\/\/displayreparatur-koeln.de\/index.php?rest_route=\/wp\/v2\/pages\/230\/revisions"}],"predecessor-version":[{"id":231,"href":"https:\/\/displayreparatur-koeln.de\/index.php?rest_route=\/wp\/v2\/pages\/230\/revisions\/231"}],"wp:attachment":[{"href":"https:\/\/displayreparatur-koeln.de\/index.php?rest_route=%2Fwp%2Fv2%2Fmedia&parent=230"}],"curies":[{"name":"wp","href":"https:\/\/api.w.org\/{rel}","templated":true}]}}